{"id":1628,"date":"2023-08-23T13:53:11","date_gmt":"2023-08-23T17:53:11","guid":{"rendered":"https:\/\/am.ardecom.com\/?page_id=1628"},"modified":"2025-03-14T12:03:02","modified_gmt":"2025-03-14T16:03:02","slug":"education-workshops-conferences","status":"publish","type":"page","link":"https:\/\/collectifbienetre.com\/en\/services\/education-workshops-conferences\/","title":{"rendered":"Education Workshops &#038; conferences"},"content":{"rendered":"\t\t<div data-elementor-type=\"wp-page\" data-elementor-id=\"1628\" class=\"elementor elementor-1628 elementor-649\" data-elementor-post-type=\"page\">\n\t\t\t\t\t\t<section class=\"elementor-section elementor-top-section elementor-element elementor-element-1ac529b elementor-section-boxed elementor-section-height-default elementor-section-height-default\" data-id=\"1ac529b\" data-element_type=\"section\">\n\t\t\t\t\t\t<div class=\"elementor-container elementor-column-gap-default\">\n\t\t\t\t\t<div class=\"elementor-column elementor-col-100 elementor-top-column elementor-element elementor-element-fedc757\" data-id=\"fedc757\" data-element_type=\"column\">\n\t\t\t<div class=\"elementor-widget-wrap elementor-element-populated\">\n\t\t\t\t\t\t<div class=\"elementor-element elementor-element-29ee93f elementor-widget elementor-widget-heading\" data-id=\"29ee93f\" data-element_type=\"widget\" data-widget_type=\"heading.default\">\n\t\t\t\t<div class=\"elementor-widget-container\">\n\t\t\t\t\t<h1 class=\"elementor-heading-title elementor-size-default\">Education Workshops &#038; conferences<\/h1>\t\t\t\t<\/div>\n\t\t\t\t<\/div>\n\t\t\t\t<div class=\"elementor-element elementor-element-4e94421 elementor-widget elementor-widget-text-editor\" data-id=\"4e94421\" data-element_type=\"widget\" data-widget_type=\"text-editor.default\">\n\t\t\t\t<div class=\"elementor-widget-container\">\n\t\t\t\t\t\t\t\t\t<p>We offer a diverse range of tailored workshops designed for educational, community, and corporate settings. These workshops can cover a broad spectrum of subjects based on your organization&#8217;s specific needs. Our workshops and conferences are both educational and geared toward personal growth. By providing a secure and expert-led space, we facilitate the exploration of the intricate dimensions of human sexuality and relationships. In a society often burdened by taboos and misinformation, participating in a sexology workshop equips individuals with accurate knowledge, empowering them to openly communicate their desires, boundaries, and concerns.<\/p><h2><b>Who is it for?<\/b><\/h2><p>Our workshops are meticulously crafted to suit various environments and audiences and can be adapted for participants of all age groups.<\/p><h3>Schools<\/h3><p><span style=\"font-weight: 400;\">Within school settings, the workshop are created in order to conform to the requirements of the <\/span><i><span style=\"font-weight: 400;\">Minist\u00e8re de l\u2019\u00c9ducation<\/span><\/i><span style=\"font-weight: 400;\"> and to bring support to the teaching staff. Themes include but are not limited to :<\/span><\/p><ul><li><span style=\"font-weight: 400;\">Sexual Growth and Body Image<\/span><\/li><li><span style=\"font-weight: 400;\">Identity, Gender Stereotypes and Roles, and Social Norms<\/span><\/li><li><span style=\"font-weight: 400;\">Emotional and Romantic Life<\/span><\/li><li><span style=\"font-weight: 400;\">Sexual Assault<\/span><\/li><li><span style=\"font-weight: 400;\">Pregnancy and Birth<\/span><\/li><li><span style=\"font-weight: 400;\">Comprehensive View of Sexuality<\/span><\/li><li><span style=\"font-weight: 400;\">Sexual Behaviour<\/span><\/li><li><span style=\"font-weight: 400;\">Sexual Violence<\/span><\/li><li><span style=\"font-weight: 400;\">Sexually Transmissible and Blood-Borne Infections (STBBIs) and Pregnancy<\/span><\/li><\/ul><h3>Community Organizations<\/h3><p>Within community organizations, psychoeducational and supportive workshops can be developed to help you reach your mission. They go beyond the physical aspects of intimacy, delving into the psychological, emotional, and relational facets of human connections. Participants gain insights into understanding their own needs, cultivating self-esteem, and addressing common challenges like communication breakdowns, varying desires, or performance anxiety. By fostering an environment of inclusivity and respect, these workshops provide a unique opportunity for individuals of all backgrounds, orientations, and relationship structures to learn from each other&#8217;s experiences. Themes include but are not limited to :<\/p><ul><li style=\"list-style-type: none;\"><ul><li><span style=\"font-weight: 400;\">Healthy relationships<\/span><\/li><li><span style=\"font-weight: 400;\">Preventing violence within a relationship\u00a0<\/span><\/li><li><span style=\"font-weight: 400;\">Fertility and family planning<\/span><\/li><li><span style=\"font-weight: 400;\">Consent<\/span><\/li><li><span style=\"font-weight: 400;\"> \u00a0<\/span><span style=\"font-weight: 400;\">Sexuality and aging<\/span><\/li><li><span style=\"font-weight: 400;\">And more<\/span><\/li><\/ul><\/li><\/ul><h3>Corporate Environments<\/h3><p>Within corporate settings, workshops can be created in order to pursue your mission or to provide education on topics related to the workplace. This approach can yield significant benefits for both employees and the overall work atmosphere, promoting well-being, enhancing communication skills, alleviating stress, and more. Examples of topics for discussion include:<\/p><ul><li>Fostering Consent Culture in the Workplace<\/li><li>Understanding 2SLGBTQIA<\/li><li>Identities and Creating<\/li><li>Supportive Environments<\/li><li>Navigating Work-life Balance<\/li><li>Stress Management<\/li><li>Communication styles<\/li><li>Embracing self-care<\/li><li>Addressing Sexual<\/li><li>Harassment in the Workplace<\/li><\/ul><h2>Past Workshops<\/h2><p>Here is a non-exhaustive list of workshops that have been created in the past.<\/p><ul><li><span style=\"font-weight: 400;\">C\u2019est-tu vrai que\u2026 ? Atelier d\u2019\u00e9ducation \u00e0 la sexualit\u00e9 pour les ados<\/span><\/li><li><span style=\"font-weight: 400;\">La sant\u00e9 sexuelle<\/span><\/li><li><span style=\"font-weight: 400;\">Comment \u00eatre un alli\u00e9 : mieux intervenir aupr\u00e8s de femmes vivant en situation d\u2019itin\u00e9rance<\/span><\/li><li><span style=\"font-weight: 400;\">Comprendre le consentement \u00e0 l\u2019\u00e8re du mouvement #MoiAussi<\/span><\/li><li><span style=\"font-weight: 400;\">Les relations saines : Promouvoir la sant\u00e9 sexuelle et les relations saines dans le contexte de l\u2019h\u00e9bergement court-terme<\/span><\/li><li><span style=\"font-weight: 400;\">Sensibilisation \u00e0 la violence Sexuelle<\/span><\/li><li><span style=\"font-weight: 400;\">D\u00e9veloppement psychosexuel du jeune enfant et de l\u2019adolescent : \u00catre outill\u00e9 en mati\u00e8re d\u2019\u00e9ducation \u00e0 la sexualit\u00e9 pour mieux intervenir<\/span><\/li><li><span style=\"font-weight: 400;\">Exploitation sexuelle et travail du sexe<\/span><\/li><li><span style=\"font-weight: 400;\">Violence syst\u00e9mique : coup d\u2019\u0153il sur les violences sexuelles d\u2019un point de vue intersectionnell<\/span><\/li><\/ul>\t\t\t\t\t\t\t\t<\/div>\n\t\t\t\t<\/div>\n\t\t\t\t<div class=\"elementor-element elementor-element-336e377 elementor-align-center elementor-widget elementor-widget-button\" data-id=\"336e377\" data-element_type=\"widget\" data-widget_type=\"button.default\">\n\t\t\t\t<div class=\"elementor-widget-container\">\n\t\t\t\t\t\t\t\t\t<div class=\"elementor-button-wrapper\">\n\t\t\t\t\t<a class=\"elementor-button elementor-button-link elementor-size-lg\" href=\"\/en\/contact\/\">\n\t\t\t\t\t\t<span class=\"elementor-button-content-wrapper\">\n\t\t\t\t\t\t\t\t\t<span class=\"elementor-button-text\">Get in touch with us today!<\/span>\n\t\t\t\t\t<\/span>\n\t\t\t\t\t<\/a>\n\t\t\t\t<\/div>\n\t\t\t\t\t\t\t\t<\/div>\n\t\t\t\t<\/div>\n\t\t\t\t\t<\/div>\n\t\t<\/div>\n\t\t\t\t\t<\/div>\n\t\t<\/section>\n\t\t\t\t<\/div>\n\t\t","protected":false},"excerpt":{"rendered":"<p>We offer a diverse range of tailored workshops designed for educational, community, and corporate settings. These workshops can cover a broad spectrum of subjects based on your organization&#8217;s specific needs. Our workshops and conferences are both educational and geared toward personal growth. By providing a secure and expert-led space, we facilitate the exploration of the [&hellip;]<\/p>\n","protected":false},"author":1,"featured_media":0,"parent":1617,"menu_order":0,"comment_status":"closed","ping_status":"closed","template":"elementor_header_footer","meta":{"site-sidebar-layout":"no-sidebar","site-content-layout":"page-builder","ast-site-content-layout":"default","site-content-style":"default","site-sidebar-style":"default","ast-global-header-display":"","ast-banner-title-visibility":"","ast-main-header-display":"","ast-hfb-above-header-display":"","ast-hfb-below-header-display":"","ast-hfb-mobile-header-display":"","site-post-title":"disabled","ast-breadcrumbs-content":"","ast-featured-img":"disabled","footer-sml-layout":"","theme-transparent-header-meta":"default","adv-header-id-meta":"","stick-header-meta":"default","header-above-stick-meta":"","header-main-stick-meta":"","header-below-stick-meta":"","astra-migrate-meta-layouts":"set","ast-page-background-enabled":"default","ast-page-background-meta":{"desktop":{"background-color":"var(--ast-global-color-4)","background-image":"","background-repeat":"repeat","background-position":"center center","background-size":"auto","background-attachment":"scroll","background-type":"","background-media":"","overlay-type":"","overlay-color":"","overlay-opacity":"","overlay-gradient":""},"tablet":{"background-color":"","background-image":"","background-repeat":"repeat","background-position":"center center","background-size":"auto","background-attachment":"scroll","background-type":"","background-media":"","overlay-type":"","overlay-color":"","overlay-opacity":"","overlay-gradient":""},"mobile":{"background-color":"","background-image":"","background-repeat":"repeat","background-position":"center center","background-size":"auto","background-attachment":"scroll","background-type":"","background-media":"","overlay-type":"","overlay-color":"","overlay-opacity":"","overlay-gradient":""}},"ast-content-background-meta":{"desktop":{"background-color":"var(--ast-global-color-5)","background-image":"","background-repeat":"repeat","background-position":"center center","background-size":"auto","background-attachment":"scroll","background-type":"","background-media":"","overlay-type":"","overlay-color":"","overlay-opacity":"","overlay-gradient":""},"tablet":{"background-color":"var(--ast-global-color-5)","background-image":"","background-repeat":"repeat","background-position":"center center","background-size":"auto","background-attachment":"scroll","background-type":"","background-media":"","overlay-type":"","overlay-color":"","overlay-opacity":"","overlay-gradient":""},"mobile":{"background-color":"var(--ast-global-color-5)","background-image":"","background-repeat":"repeat","background-position":"center center","background-size":"auto","background-attachment":"scroll","background-type":"","background-media":"","overlay-type":"","overlay-color":"","overlay-opacity":"","overlay-gradient":""}},"footnotes":""},"class_list":["post-1628","page","type-page","status-publish","hentry"],"yoast_head":"<!-- This site is optimized with the Yoast SEO plugin v26.5 - https:\/\/yoast.com\/wordpress\/plugins\/seo\/ -->\n<title>Education Workshops &amp; conferences - Collectif Bien-\u00catre<\/title>\n<meta name=\"robots\" content=\"index, follow, max-snippet:-1, max-image-preview:large, max-video-preview:-1\" \/>\n<link rel=\"canonical\" href=\"https:\/\/collectifbienetre.com\/services\/ateliers-et-conferences\/\" \/>\n<meta property=\"og:locale\" content=\"en_US\" \/>\n<meta property=\"og:type\" content=\"article\" \/>\n<meta property=\"og:title\" content=\"Education Workshops &amp; conferences - Collectif Bien-\u00catre\" \/>\n<meta property=\"og:description\" content=\"We offer a diverse range of tailored workshops designed for educational, community, and corporate settings. These workshops can cover a broad spectrum of subjects based on your organization&#8217;s specific needs. Our workshops and conferences are both educational and geared toward personal growth. By providing a secure and expert-led space, we facilitate the exploration of the [&hellip;]\" \/>\n<meta property=\"og:url\" content=\"https:\/\/collectifbienetre.com\/services\/ateliers-et-conferences\/\" \/>\n<meta property=\"og:site_name\" content=\"Collectif Bien-\u00catre\" \/>\n<meta property=\"article:publisher\" content=\"https:\/\/www.facebook.com\/ams3xologue\" \/>\n<meta property=\"article:modified_time\" content=\"2025-03-14T16:03:02+00:00\" \/>\n<meta name=\"twitter:card\" content=\"summary_large_image\" \/>\n<meta name=\"twitter:label1\" content=\"Est. reading time\" \/>\n\t<meta name=\"twitter:data1\" content=\"3 minutes\" \/>\n<script type=\"application\/ld+json\" class=\"yoast-schema-graph\">{\"@context\":\"https:\/\/schema.org\",\"@graph\":[{\"@type\":\"WebPage\",\"@id\":\"https:\/\/collectifbienetre.com\/services\/ateliers-et-conferences\/\",\"url\":\"https:\/\/collectifbienetre.com\/services\/ateliers-et-conferences\/\",\"name\":\"Education Workshops & conferences - Collectif Bien-\u00catre\",\"isPartOf\":{\"@id\":\"https:\/\/collectifbienetre.com\/#website\"},\"datePublished\":\"2023-08-23T17:53:11+00:00\",\"dateModified\":\"2025-03-14T16:03:02+00:00\",\"breadcrumb\":{\"@id\":\"https:\/\/collectifbienetre.com\/services\/ateliers-et-conferences\/#breadcrumb\"},\"inLanguage\":\"en-US\",\"potentialAction\":[{\"@type\":\"ReadAction\",\"target\":[\"https:\/\/collectifbienetre.com\/services\/ateliers-et-conferences\/\"]}]},{\"@type\":\"BreadcrumbList\",\"@id\":\"https:\/\/collectifbienetre.com\/services\/ateliers-et-conferences\/#breadcrumb\",\"itemListElement\":[{\"@type\":\"ListItem\",\"position\":1,\"name\":\"Accueil\",\"item\":\"https:\/\/collectifbienetre.com\/en\/\"},{\"@type\":\"ListItem\",\"position\":2,\"name\":\"Services\",\"item\":\"https:\/\/collectifbienetre.com\/en\/services\/\"},{\"@type\":\"ListItem\",\"position\":3,\"name\":\"Education Workshops &#038; conferences\"}]},{\"@type\":\"WebSite\",\"@id\":\"https:\/\/collectifbienetre.com\/#website\",\"url\":\"https:\/\/collectifbienetre.com\/\",\"name\":\"Collectif Bien-\u00catre - Clinique virtuelle de sexologie et psychologie\",\"description\":\"\",\"publisher\":{\"@id\":\"https:\/\/collectifbienetre.com\/#organization\"},\"potentialAction\":[{\"@type\":\"SearchAction\",\"target\":{\"@type\":\"EntryPoint\",\"urlTemplate\":\"https:\/\/collectifbienetre.com\/?s={search_term_string}\"},\"query-input\":{\"@type\":\"PropertyValueSpecification\",\"valueRequired\":true,\"valueName\":\"search_term_string\"}}],\"inLanguage\":\"en-US\"},{\"@type\":\"Organization\",\"@id\":\"https:\/\/collectifbienetre.com\/#organization\",\"name\":\"Audrey Morabito, sexologue et psychoth\u00e9rapeute\",\"url\":\"https:\/\/collectifbienetre.com\/\",\"logo\":{\"@type\":\"ImageObject\",\"inLanguage\":\"en-US\",\"@id\":\"https:\/\/collectifbienetre.com\/#\/schema\/logo\/image\/\",\"url\":\"https:\/\/collectifbienetre.com\/wp-content\/uploads\/2025\/02\/cropped-cropped-1-1-1.png\",\"contentUrl\":\"https:\/\/collectifbienetre.com\/wp-content\/uploads\/2025\/02\/cropped-cropped-1-1-1.png\",\"width\":500,\"height\":166,\"caption\":\"Audrey Morabito, sexologue et psychoth\u00e9rapeute\"},\"image\":{\"@id\":\"https:\/\/collectifbienetre.com\/#\/schema\/logo\/image\/\"},\"sameAs\":[\"https:\/\/www.facebook.com\/ams3xologue\",\"https:\/\/www.instagram.com\/amsexologue\/\"]}]}<\/script>\n<!-- \/ Yoast SEO plugin. -->","yoast_head_json":{"title":"Education Workshops & conferences - Collectif Bien-\u00catre","robots":{"index":"index","follow":"follow","max-snippet":"max-snippet:-1","max-image-preview":"max-image-preview:large","max-video-preview":"max-video-preview:-1"},"canonical":"https:\/\/collectifbienetre.com\/services\/ateliers-et-conferences\/","og_locale":"en_US","og_type":"article","og_title":"Education Workshops & conferences - Collectif Bien-\u00catre","og_description":"We offer a diverse range of tailored workshops designed for educational, community, and corporate settings. These workshops can cover a broad spectrum of subjects based on your organization&#8217;s specific needs. Our workshops and conferences are both educational and geared toward personal growth. By providing a secure and expert-led space, we facilitate the exploration of the [&hellip;]","og_url":"https:\/\/collectifbienetre.com\/services\/ateliers-et-conferences\/","og_site_name":"Collectif Bien-\u00catre","article_publisher":"https:\/\/www.facebook.com\/ams3xologue","article_modified_time":"2025-03-14T16:03:02+00:00","twitter_card":"summary_large_image","twitter_misc":{"Est. reading time":"3 minutes"},"schema":{"@context":"https:\/\/schema.org","@graph":[{"@type":"WebPage","@id":"https:\/\/collectifbienetre.com\/services\/ateliers-et-conferences\/","url":"https:\/\/collectifbienetre.com\/services\/ateliers-et-conferences\/","name":"Education Workshops & conferences - Collectif Bien-\u00catre","isPartOf":{"@id":"https:\/\/collectifbienetre.com\/#website"},"datePublished":"2023-08-23T17:53:11+00:00","dateModified":"2025-03-14T16:03:02+00:00","breadcrumb":{"@id":"https:\/\/collectifbienetre.com\/services\/ateliers-et-conferences\/#breadcrumb"},"inLanguage":"en-US","potentialAction":[{"@type":"ReadAction","target":["https:\/\/collectifbienetre.com\/services\/ateliers-et-conferences\/"]}]},{"@type":"BreadcrumbList","@id":"https:\/\/collectifbienetre.com\/services\/ateliers-et-conferences\/#breadcrumb","itemListElement":[{"@type":"ListItem","position":1,"name":"Accueil","item":"https:\/\/collectifbienetre.com\/en\/"},{"@type":"ListItem","position":2,"name":"Services","item":"https:\/\/collectifbienetre.com\/en\/services\/"},{"@type":"ListItem","position":3,"name":"Education Workshops &#038; conferences"}]},{"@type":"WebSite","@id":"https:\/\/collectifbienetre.com\/#website","url":"https:\/\/collectifbienetre.com\/","name":"Collectif Bien-\u00catre - Clinique virtuelle de sexologie et psychologie","description":"","publisher":{"@id":"https:\/\/collectifbienetre.com\/#organization"},"potentialAction":[{"@type":"SearchAction","target":{"@type":"EntryPoint","urlTemplate":"https:\/\/collectifbienetre.com\/?s={search_term_string}"},"query-input":{"@type":"PropertyValueSpecification","valueRequired":true,"valueName":"search_term_string"}}],"inLanguage":"en-US"},{"@type":"Organization","@id":"https:\/\/collectifbienetre.com\/#organization","name":"Audrey Morabito, sexologue et psychoth\u00e9rapeute","url":"https:\/\/collectifbienetre.com\/","logo":{"@type":"ImageObject","inLanguage":"en-US","@id":"https:\/\/collectifbienetre.com\/#\/schema\/logo\/image\/","url":"https:\/\/collectifbienetre.com\/wp-content\/uploads\/2025\/02\/cropped-cropped-1-1-1.png","contentUrl":"https:\/\/collectifbienetre.com\/wp-content\/uploads\/2025\/02\/cropped-cropped-1-1-1.png","width":500,"height":166,"caption":"Audrey Morabito, sexologue et psychoth\u00e9rapeute"},"image":{"@id":"https:\/\/collectifbienetre.com\/#\/schema\/logo\/image\/"},"sameAs":["https:\/\/www.facebook.com\/ams3xologue","https:\/\/www.instagram.com\/amsexologue\/"]}]}},"_links":{"self":[{"href":"https:\/\/collectifbienetre.com\/en\/wp-json\/wp\/v2\/pages\/1628","targetHints":{"allow":["GET"]}}],"collection":[{"href":"https:\/\/collectifbienetre.com\/en\/wp-json\/wp\/v2\/pages"}],"about":[{"href":"https:\/\/collectifbienetre.com\/en\/wp-json\/wp\/v2\/types\/page"}],"author":[{"embeddable":true,"href":"https:\/\/collectifbienetre.com\/en\/wp-json\/wp\/v2\/users\/1"}],"replies":[{"embeddable":true,"href":"https:\/\/collectifbienetre.com\/en\/wp-json\/wp\/v2\/comments?post=1628"}],"version-history":[{"count":13,"href":"https:\/\/collectifbienetre.com\/en\/wp-json\/wp\/v2\/pages\/1628\/revisions"}],"predecessor-version":[{"id":2929,"href":"https:\/\/collectifbienetre.com\/en\/wp-json\/wp\/v2\/pages\/1628\/revisions\/2929"}],"up":[{"embeddable":true,"href":"https:\/\/collectifbienetre.com\/en\/wp-json\/wp\/v2\/pages\/1617"}],"wp:attachment":[{"href":"https:\/\/collectifbienetre.com\/en\/wp-json\/wp\/v2\/media?parent=1628"}],"curies":[{"name":"wp","href":"https:\/\/api.w.org\/{rel}","templated":true}]}}