{"id":1639,"date":"2023-08-23T13:53:11","date_gmt":"2023-08-23T17:53:11","guid":{"rendered":"https:\/\/am.ardecom.com\/?page_id=1639"},"modified":"2026-03-20T13:19:48","modified_gmt":"2026-03-20T17:19:48","slug":"medias","status":"publish","type":"page","link":"https:\/\/collectifbienetre.com\/en\/services\/medias\/","title":{"rendered":"Media"},"content":{"rendered":"\t\t<div data-elementor-type=\"wp-page\" data-elementor-id=\"1639\" class=\"elementor elementor-1639 elementor-651\" data-elementor-post-type=\"page\">\n\t\t\t\t\t\t<section class=\"elementor-section elementor-top-section elementor-element elementor-element-1ac529b elementor-section-boxed elementor-section-height-default elementor-section-height-default\" data-id=\"1ac529b\" data-element_type=\"section\">\n\t\t\t\t\t\t<div class=\"elementor-container elementor-column-gap-default\">\n\t\t\t\t\t<div class=\"elementor-column elementor-col-100 elementor-top-column elementor-element elementor-element-fedc757\" data-id=\"fedc757\" data-element_type=\"column\">\n\t\t\t<div class=\"elementor-widget-wrap elementor-element-populated\">\n\t\t\t\t\t\t<div class=\"elementor-element elementor-element-29ee93f elementor-widget elementor-widget-heading\" data-id=\"29ee93f\" data-element_type=\"widget\" data-widget_type=\"heading.default\">\n\t\t\t\t<div class=\"elementor-widget-container\">\n\t\t\t\t\t<h1 class=\"elementor-heading-title elementor-size-default\">Medias &amp; collaborations<\/h1>\t\t\t\t<\/div>\n\t\t\t\t<\/div>\n\t\t\t\t<div class=\"elementor-element elementor-element-9885de0 elementor-widget elementor-widget-text-editor\" data-id=\"9885de0\" data-element_type=\"widget\" data-widget_type=\"text-editor.default\">\n\t\t\t\t<div class=\"elementor-widget-container\">\n\t\t\t\t\t\t\t\t\t<p data-start=\"94\" data-end=\"164\"><img fetchpriority=\"high\" decoding=\"async\" class=\"size-medium wp-image-3692 alignright\" src=\"https:\/\/collectifbienetre.com\/wp-content\/uploads\/2026\/03\/ams_photo13-200x300.jpg\" alt=\"\" width=\"200\" height=\"300\" srcset=\"https:\/\/collectifbienetre.com\/wp-content\/uploads\/2026\/03\/ams_photo13-200x300.jpg 200w, https:\/\/collectifbienetre.com\/wp-content\/uploads\/2026\/03\/ams_photo13-684x1024.jpg 684w, https:\/\/collectifbienetre.com\/wp-content\/uploads\/2026\/03\/ams_photo13-768x1151.jpg 768w, https:\/\/collectifbienetre.com\/wp-content\/uploads\/2026\/03\/ams_photo13-1025x1536.jpg 1025w, https:\/\/collectifbienetre.com\/wp-content\/uploads\/2026\/03\/ams_photo13-1367x2048.jpg 1367w, https:\/\/collectifbienetre.com\/wp-content\/uploads\/2026\/03\/ams_photo13-scaled.jpg 1709w\" sizes=\"(max-width: 200px) 100vw, 200px\" \/>Let\u2019s collaborate to move conversations about human sexuality forward.\u00a0<\/p><p data-start=\"166\" data-end=\"564\">As a sexologist and psychotherapist, I contribute to various media platforms (podcasts, television, radio, etc.) to make human sexuality and psychology more accessible, nuanced, and grounded in reliable knowledge. My approach is both clinical and educational, as well as direct: I offer clear, no-taboo content that helps better understand realities that are often misrepresented or oversimplified.<\/p><p data-start=\"566\" data-end=\"890\">Through my work, I aim to challenge myths, provide practical insights, and foster authentic conversations about topics that affect us all. Whether discussing relationships, desire, identity, sexual difficulties, or more complex dynamics, I approach these subjects from an inclusive, feminist, and non-judgmental perspective.<\/p><p data-start=\"892\" data-end=\"1182\">Talking about sexuality and mental health can still feel uncomfortable and that is precisely why it is essential to create spaces for open, respectful dialogue. Media plays a key role in normalizing these conversations and promoting better understanding, both individually and collectively.<\/p><p data-start=\"1184\" data-end=\"1324\">I offer media contributions tailored to a variety of formats and audiences, with a strong focus on clear and rigorous knowledge translation.<\/p><p data-start=\"1326\" data-end=\"1378\" data-is-last-node=\"\" data-is-only-node=\"\">Feel free to contact me for any media collaboration.<\/p><h2>Past Media Collaborations<\/h2><ul><li>Nourris ton esprit podcast. <a href=\"https:\/\/www.youtube.com\/watch?v=dNgY56IQMxU\">Et si tes \u00e9motions n&#8217;\u00e9tait pas le probl\u00e8me?\u00a0<\/a><\/li><li>Noovo Info. <a href=\"https:\/\/www.noovo.info\/nouvelles\/societe\/article\/actualite-et-anxiete-politique-ce-qui-est-stressant-en-2026\/\">Actualit\u00e9 et anxi\u00e9t\u00e9 politique : ce qui est stressant en 2026.\u00a0<\/a><\/li><li>SOS M\u00e9nopause : conf\u00e9renci\u00e8re invit\u00e9e: <em>Panne de d\u00e9sir sexuel ?<\/em><\/li><li>Rouge FM:\u00a0<em><a href=\"https:\/\/www.instagram.com\/reel\/DOKQg7ejxkK\/?utm_source=ig_web_copy_link&amp;igsh=MzRlODBiNWFlZA==\">Julie<\/a><\/em><\/li><li>G\u00e9n\u00e9ration Sidechick, <em><a href=\"https:\/\/www.youtube.com\/watch?v=dRLPBIckJIc&amp;t=12\">La dynamique sexuelle au sein d&#8217;un couple<\/a><\/em><\/li><li>Beyond the boudoir: making sense of sex after a diagnosis by Tina Quintanilla for Pink in the City (collaboration)<\/li><li>Let\u2019s talk about \u2026 our bodies by Audrey Morabito, sexologist for Laval Families Magazine<\/li><li>Quand le te\u0301le\u0301phone s\u2019immisce dans un couple by Martine Veillette for Journal de Chambly (collaboration)<\/li><li>La s\u00e8cheresse vaginale : parlons-en ! by Catherine Couturier for Coup de Pouce (collaboration)<\/li><li>Le d\u00e9sir, une \u00e9tincelle \u00e0 cultiver by Chantal Tellier for Bel Age (collaboration)<\/li><li>Sexe, Genre, Etc: episode 1 : <em><a href=\"https:\/\/www.youtube.com\/watch?v=F_7QviE0ut0&amp;t=2s\">\u00e9ducation\u00a0<span lang=\"FR-CA\">\u00e0<\/span>\u00a0la\u00a0sexualit\u00e9\u00a0<\/a><\/em><\/li><li>Sexe, Genre, Etc. :\u00a0<em><a href=\"https:\/\/www.youtube.com\/watch?v=vF0y8hcluvQ\">\u00e9pisode 3:\u00a0la lingerie<\/a><\/em><\/li><li>Sexe, Genre, Etc. :\u00a0<a href=\"https:\/\/www.youtube.com\/watch?v=oS8hv6RvMpc\">\u00e9pisode 9: <em>jouets sexuels<\/em><\/a><\/li><li>Sexe, Genre, Etc. :\u00a0<a href=\"https:\/\/www.youtube.com\/watch?v=tzDH0g19onY\">\u00e9pisode 10: <em>Donjon et BDSM<\/em><\/a><\/li><li>Canal M, <em><a href=\"https:\/\/canalm.vuesetvoix.com\/que-fait-on-en-cas-de-panne-de-desir\/\">Vivement les femmes : Que fait-on en cas de panne de d\u00e9sir<\/a><\/em><\/li><\/ul>\t\t\t\t\t\t\t\t<\/div>\n\t\t\t\t<\/div>\n\t\t\t\t<div class=\"elementor-element elementor-element-e28cd6e elementor-align-center elementor-widget elementor-widget-button\" data-id=\"e28cd6e\" data-element_type=\"widget\" data-widget_type=\"button.default\">\n\t\t\t\t<div class=\"elementor-widget-container\">\n\t\t\t\t\t\t\t\t\t<div class=\"elementor-button-wrapper\">\n\t\t\t\t\t<a class=\"elementor-button elementor-button-link elementor-size-lg\" href=\"\/en\/contact\/\">\n\t\t\t\t\t\t<span class=\"elementor-button-content-wrapper\">\n\t\t\t\t\t\t\t\t\t<span class=\"elementor-button-text\">Contact us today!<\/span>\n\t\t\t\t\t<\/span>\n\t\t\t\t\t<\/a>\n\t\t\t\t<\/div>\n\t\t\t\t\t\t\t\t<\/div>\n\t\t\t\t<\/div>\n\t\t\t\t\t<\/div>\n\t\t<\/div>\n\t\t\t\t\t<\/div>\n\t\t<\/section>\n\t\t\t\t<\/div>\n\t\t","protected":false},"excerpt":{"rendered":"<p>Medias &amp; collaborations Let\u2019s collaborate to move conversations about human sexuality forward. As a sexologist and psychotherapist, I contribute to various media platforms (podcasts, television, radio, etc.) to make human sexuality and psychology more accessible, nuanced, and grounded in reliable knowledge. My approach is both clinical and educational, as well as direct: I offer clear, [&hellip;]<\/p>\n","protected":false},"author":1,"featured_media":0,"parent":1617,"menu_order":0,"comment_status":"closed","ping_status":"closed","template":"elementor_header_footer","meta":{"site-sidebar-layout":"no-sidebar","site-content-layout":"page-builder","ast-site-content-layout":"default","site-content-style":"default","site-sidebar-style":"default","ast-global-header-display":"","ast-banner-title-visibility":"","ast-main-header-display":"","ast-hfb-above-header-display":"","ast-hfb-below-header-display":"","ast-hfb-mobile-header-display":"","site-post-title":"disabled","ast-breadcrumbs-content":"","ast-featured-img":"disabled","footer-sml-layout":"","theme-transparent-header-meta":"default","adv-header-id-meta":"","stick-header-meta":"default","header-above-stick-meta":"","header-main-stick-meta":"","header-below-stick-meta":"","astra-migrate-meta-layouts":"set","ast-page-background-enabled":"default","ast-page-background-meta":{"desktop":{"background-color":"var(--ast-global-color-4)","background-image":"","background-repeat":"repeat","background-position":"center center","background-size":"auto","background-attachment":"scroll","background-type":"","background-media":"","overlay-type":"","overlay-color":"","overlay-opacity":"","overlay-gradient":""},"tablet":{"background-color":"","background-image":"","background-repeat":"repeat","background-position":"center center","background-size":"auto","background-attachment":"scroll","background-type":"","background-media":"","overlay-type":"","overlay-color":"","overlay-opacity":"","overlay-gradient":""},"mobile":{"background-color":"","background-image":"","background-repeat":"repeat","background-position":"center center","background-size":"auto","background-attachment":"scroll","background-type":"","background-media":"","overlay-type":"","overlay-color":"","overlay-opacity":"","overlay-gradient":""}},"ast-content-background-meta":{"desktop":{"background-color":"var(--ast-global-color-5)","background-image":"","background-repeat":"repeat","background-position":"center center","background-size":"auto","background-attachment":"scroll","background-type":"","background-media":"","overlay-type":"","overlay-color":"","overlay-opacity":"","overlay-gradient":""},"tablet":{"background-color":"var(--ast-global-color-5)","background-image":"","background-repeat":"repeat","background-position":"center center","background-size":"auto","background-attachment":"scroll","background-type":"","background-media":"","overlay-type":"","overlay-color":"","overlay-opacity":"","overlay-gradient":""},"mobile":{"background-color":"var(--ast-global-color-5)","background-image":"","background-repeat":"repeat","background-position":"center center","background-size":"auto","background-attachment":"scroll","background-type":"","background-media":"","overlay-type":"","overlay-color":"","overlay-opacity":"","overlay-gradient":""}},"footnotes":""},"class_list":["post-1639","page","type-page","status-publish","hentry"],"yoast_head":"<!-- This site is optimized with the Yoast SEO plugin v26.5 - https:\/\/yoast.com\/wordpress\/plugins\/seo\/ -->\n<title>Media - Collectif Bien-\u00catre<\/title>\n<meta name=\"robots\" content=\"index, follow, max-snippet:-1, max-image-preview:large, max-video-preview:-1\" \/>\n<link rel=\"canonical\" href=\"https:\/\/collectifbienetre.com\/en\/services\/medias\/\" \/>\n<meta property=\"og:locale\" content=\"en_US\" \/>\n<meta property=\"og:type\" content=\"article\" \/>\n<meta property=\"og:title\" content=\"Media - Collectif Bien-\u00catre\" \/>\n<meta property=\"og:description\" content=\"Medias &amp; collaborations Let\u2019s collaborate to move conversations about human sexuality forward. As a sexologist and psychotherapist, I contribute to various media platforms (podcasts, television, radio, etc.) to make human sexuality and psychology more accessible, nuanced, and grounded in reliable knowledge. My approach is both clinical and educational, as well as direct: I offer clear, [&hellip;]\" \/>\n<meta property=\"og:url\" content=\"https:\/\/collectifbienetre.com\/en\/services\/medias\/\" \/>\n<meta property=\"og:site_name\" content=\"Collectif Bien-\u00catre\" \/>\n<meta property=\"article:publisher\" content=\"https:\/\/www.facebook.com\/ams3xologue\" \/>\n<meta property=\"article:modified_time\" content=\"2026-03-20T17:19:48+00:00\" \/>\n<meta property=\"og:image\" content=\"https:\/\/collectifbienetre.com\/wp-content\/uploads\/2026\/03\/ams_photo13-200x300.jpg\" \/>\n<meta name=\"twitter:card\" content=\"summary_large_image\" \/>\n<meta name=\"twitter:label1\" content=\"Est. reading time\" \/>\n\t<meta name=\"twitter:data1\" content=\"2 minutes\" \/>\n<script type=\"application\/ld+json\" class=\"yoast-schema-graph\">{\"@context\":\"https:\/\/schema.org\",\"@graph\":[{\"@type\":\"WebPage\",\"@id\":\"https:\/\/collectifbienetre.com\/en\/services\/medias\/\",\"url\":\"https:\/\/collectifbienetre.com\/en\/services\/medias\/\",\"name\":\"Media - Collectif Bien-\u00catre\",\"isPartOf\":{\"@id\":\"https:\/\/collectifbienetre.com\/#website\"},\"primaryImageOfPage\":{\"@id\":\"https:\/\/collectifbienetre.com\/en\/services\/medias\/#primaryimage\"},\"image\":{\"@id\":\"https:\/\/collectifbienetre.com\/en\/services\/medias\/#primaryimage\"},\"thumbnailUrl\":\"https:\/\/collectifbienetre.com\/wp-content\/uploads\/2026\/03\/ams_photo13-200x300.jpg\",\"datePublished\":\"2023-08-23T17:53:11+00:00\",\"dateModified\":\"2026-03-20T17:19:48+00:00\",\"breadcrumb\":{\"@id\":\"https:\/\/collectifbienetre.com\/en\/services\/medias\/#breadcrumb\"},\"inLanguage\":\"en-US\",\"potentialAction\":[{\"@type\":\"ReadAction\",\"target\":[\"https:\/\/collectifbienetre.com\/en\/services\/medias\/\"]}]},{\"@type\":\"ImageObject\",\"inLanguage\":\"en-US\",\"@id\":\"https:\/\/collectifbienetre.com\/en\/services\/medias\/#primaryimage\",\"url\":\"https:\/\/collectifbienetre.com\/wp-content\/uploads\/2026\/03\/ams_photo13-200x300.jpg\",\"contentUrl\":\"https:\/\/collectifbienetre.com\/wp-content\/uploads\/2026\/03\/ams_photo13-200x300.jpg\"},{\"@type\":\"BreadcrumbList\",\"@id\":\"https:\/\/collectifbienetre.com\/en\/services\/medias\/#breadcrumb\",\"itemListElement\":[{\"@type\":\"ListItem\",\"position\":1,\"name\":\"Accueil\",\"item\":\"https:\/\/collectifbienetre.com\/en\/\"},{\"@type\":\"ListItem\",\"position\":2,\"name\":\"Services\",\"item\":\"https:\/\/collectifbienetre.com\/en\/services\/\"},{\"@type\":\"ListItem\",\"position\":3,\"name\":\"Media\"}]},{\"@type\":\"WebSite\",\"@id\":\"https:\/\/collectifbienetre.com\/#website\",\"url\":\"https:\/\/collectifbienetre.com\/\",\"name\":\"Collectif Bien-\u00catre - Clinique virtuelle de sexologie et psychologie\",\"description\":\"\",\"publisher\":{\"@id\":\"https:\/\/collectifbienetre.com\/#organization\"},\"potentialAction\":[{\"@type\":\"SearchAction\",\"target\":{\"@type\":\"EntryPoint\",\"urlTemplate\":\"https:\/\/collectifbienetre.com\/?s={search_term_string}\"},\"query-input\":{\"@type\":\"PropertyValueSpecification\",\"valueRequired\":true,\"valueName\":\"search_term_string\"}}],\"inLanguage\":\"en-US\"},{\"@type\":\"Organization\",\"@id\":\"https:\/\/collectifbienetre.com\/#organization\",\"name\":\"Audrey Morabito, sexologue et psychoth\u00e9rapeute\",\"url\":\"https:\/\/collectifbienetre.com\/\",\"logo\":{\"@type\":\"ImageObject\",\"inLanguage\":\"en-US\",\"@id\":\"https:\/\/collectifbienetre.com\/#\/schema\/logo\/image\/\",\"url\":\"https:\/\/collectifbienetre.com\/wp-content\/uploads\/2025\/02\/cropped-cropped-1-1-1.png\",\"contentUrl\":\"https:\/\/collectifbienetre.com\/wp-content\/uploads\/2025\/02\/cropped-cropped-1-1-1.png\",\"width\":500,\"height\":166,\"caption\":\"Audrey Morabito, sexologue et psychoth\u00e9rapeute\"},\"image\":{\"@id\":\"https:\/\/collectifbienetre.com\/#\/schema\/logo\/image\/\"},\"sameAs\":[\"https:\/\/www.facebook.com\/ams3xologue\",\"https:\/\/www.instagram.com\/amsexologue\/\"]}]}<\/script>\n<!-- \/ Yoast SEO plugin. -->","yoast_head_json":{"title":"Media - Collectif Bien-\u00catre","robots":{"index":"index","follow":"follow","max-snippet":"max-snippet:-1","max-image-preview":"max-image-preview:large","max-video-preview":"max-video-preview:-1"},"canonical":"https:\/\/collectifbienetre.com\/en\/services\/medias\/","og_locale":"en_US","og_type":"article","og_title":"Media - Collectif Bien-\u00catre","og_description":"Medias &amp; collaborations Let\u2019s collaborate to move conversations about human sexuality forward. As a sexologist and psychotherapist, I contribute to various media platforms (podcasts, television, radio, etc.) to make human sexuality and psychology more accessible, nuanced, and grounded in reliable knowledge. My approach is both clinical and educational, as well as direct: I offer clear, [&hellip;]","og_url":"https:\/\/collectifbienetre.com\/en\/services\/medias\/","og_site_name":"Collectif Bien-\u00catre","article_publisher":"https:\/\/www.facebook.com\/ams3xologue","article_modified_time":"2026-03-20T17:19:48+00:00","og_image":[{"url":"https:\/\/collectifbienetre.com\/wp-content\/uploads\/2026\/03\/ams_photo13-200x300.jpg","type":"","width":"","height":""}],"twitter_card":"summary_large_image","twitter_misc":{"Est. reading time":"2 minutes"},"schema":{"@context":"https:\/\/schema.org","@graph":[{"@type":"WebPage","@id":"https:\/\/collectifbienetre.com\/en\/services\/medias\/","url":"https:\/\/collectifbienetre.com\/en\/services\/medias\/","name":"Media - Collectif Bien-\u00catre","isPartOf":{"@id":"https:\/\/collectifbienetre.com\/#website"},"primaryImageOfPage":{"@id":"https:\/\/collectifbienetre.com\/en\/services\/medias\/#primaryimage"},"image":{"@id":"https:\/\/collectifbienetre.com\/en\/services\/medias\/#primaryimage"},"thumbnailUrl":"https:\/\/collectifbienetre.com\/wp-content\/uploads\/2026\/03\/ams_photo13-200x300.jpg","datePublished":"2023-08-23T17:53:11+00:00","dateModified":"2026-03-20T17:19:48+00:00","breadcrumb":{"@id":"https:\/\/collectifbienetre.com\/en\/services\/medias\/#breadcrumb"},"inLanguage":"en-US","potentialAction":[{"@type":"ReadAction","target":["https:\/\/collectifbienetre.com\/en\/services\/medias\/"]}]},{"@type":"ImageObject","inLanguage":"en-US","@id":"https:\/\/collectifbienetre.com\/en\/services\/medias\/#primaryimage","url":"https:\/\/collectifbienetre.com\/wp-content\/uploads\/2026\/03\/ams_photo13-200x300.jpg","contentUrl":"https:\/\/collectifbienetre.com\/wp-content\/uploads\/2026\/03\/ams_photo13-200x300.jpg"},{"@type":"BreadcrumbList","@id":"https:\/\/collectifbienetre.com\/en\/services\/medias\/#breadcrumb","itemListElement":[{"@type":"ListItem","position":1,"name":"Accueil","item":"https:\/\/collectifbienetre.com\/en\/"},{"@type":"ListItem","position":2,"name":"Services","item":"https:\/\/collectifbienetre.com\/en\/services\/"},{"@type":"ListItem","position":3,"name":"Media"}]},{"@type":"WebSite","@id":"https:\/\/collectifbienetre.com\/#website","url":"https:\/\/collectifbienetre.com\/","name":"Collectif Bien-\u00catre - Clinique virtuelle de sexologie et psychologie","description":"","publisher":{"@id":"https:\/\/collectifbienetre.com\/#organization"},"potentialAction":[{"@type":"SearchAction","target":{"@type":"EntryPoint","urlTemplate":"https:\/\/collectifbienetre.com\/?s={search_term_string}"},"query-input":{"@type":"PropertyValueSpecification","valueRequired":true,"valueName":"search_term_string"}}],"inLanguage":"en-US"},{"@type":"Organization","@id":"https:\/\/collectifbienetre.com\/#organization","name":"Audrey Morabito, sexologue et psychoth\u00e9rapeute","url":"https:\/\/collectifbienetre.com\/","logo":{"@type":"ImageObject","inLanguage":"en-US","@id":"https:\/\/collectifbienetre.com\/#\/schema\/logo\/image\/","url":"https:\/\/collectifbienetre.com\/wp-content\/uploads\/2025\/02\/cropped-cropped-1-1-1.png","contentUrl":"https:\/\/collectifbienetre.com\/wp-content\/uploads\/2025\/02\/cropped-cropped-1-1-1.png","width":500,"height":166,"caption":"Audrey Morabito, sexologue et psychoth\u00e9rapeute"},"image":{"@id":"https:\/\/collectifbienetre.com\/#\/schema\/logo\/image\/"},"sameAs":["https:\/\/www.facebook.com\/ams3xologue","https:\/\/www.instagram.com\/amsexologue\/"]}]}},"_links":{"self":[{"href":"https:\/\/collectifbienetre.com\/en\/wp-json\/wp\/v2\/pages\/1639","targetHints":{"allow":["GET"]}}],"collection":[{"href":"https:\/\/collectifbienetre.com\/en\/wp-json\/wp\/v2\/pages"}],"about":[{"href":"https:\/\/collectifbienetre.com\/en\/wp-json\/wp\/v2\/types\/page"}],"author":[{"embeddable":true,"href":"https:\/\/collectifbienetre.com\/en\/wp-json\/wp\/v2\/users\/1"}],"replies":[{"embeddable":true,"href":"https:\/\/collectifbienetre.com\/en\/wp-json\/wp\/v2\/comments?post=1639"}],"version-history":[{"count":45,"href":"https:\/\/collectifbienetre.com\/en\/wp-json\/wp\/v2\/pages\/1639\/revisions"}],"predecessor-version":[{"id":3714,"href":"https:\/\/collectifbienetre.com\/en\/wp-json\/wp\/v2\/pages\/1639\/revisions\/3714"}],"up":[{"embeddable":true,"href":"https:\/\/collectifbienetre.com\/en\/wp-json\/wp\/v2\/pages\/1617"}],"wp:attachment":[{"href":"https:\/\/collectifbienetre.com\/en\/wp-json\/wp\/v2\/media?parent=1639"}],"curies":[{"name":"wp","href":"https:\/\/api.w.org\/{rel}","templated":true}]}}